{"id":305107,"date":"2025-07-22T07:19:20","date_gmt":"2025-07-22T07:19:20","guid":{"rendered":"https:\/\/transmares.cl\/?page_id=305107"},"modified":"2025-08-06T07:52:17","modified_gmt":"2025-08-06T07:52:17","slug":"cargo-tracking","status":"publish","type":"page","link":"https:\/\/transmares.cl\/en\/cargo-tracking\/","title":{"rendered":"Cargo tracking"},"content":{"rendered":"<p>[et_pb_section fb_built=&#8221;1&#8243; fullwidth=&#8221;on&#8221; disabled_on=&#8221;off|off|off&#8221; _builder_version=&#8221;4.27.4&#8243; _module_preset=&#8221;default&#8221; background_color=&#8221;rgba(255,255,255,0.26)&#8221; background_image=&#8221;https:\/\/transmares.cl\/wp-content\/uploads\/sites\/7\/2021\/09\/blue-ocean-rain-37487-scaled-1.jpg&#8221; parallax=&#8221;on&#8221; background_blend=&#8221;overlay&#8221; height=&#8221;200px&#8221; da_disable_devices=&#8221;off|off|off&#8221; locked=&#8221;off&#8221; global_colors_info=&#8221;{}&#8221; theme_builder_area=&#8221;post_content&#8221; da_is_popup=&#8221;off&#8221; da_exit_intent=&#8221;off&#8221; da_has_close=&#8221;on&#8221; da_alt_close=&#8221;off&#8221; da_dark_close=&#8221;off&#8221; da_not_modal=&#8221;on&#8221; da_is_singular=&#8221;off&#8221; da_with_loader=&#8221;off&#8221; da_has_shadow=&#8221;on&#8221;][\/et_pb_section][et_pb_section fb_built=&#8221;1&#8243; disabled_on=&#8221;off|off|off&#8221; _builder_version=&#8221;4.16&#8243; _module_preset=&#8221;default&#8221; width=&#8221;100%&#8221; max_width=&#8221;100%&#8221; custom_margin=&#8221;20px||0px||false|false&#8221; custom_padding=&#8221;0px||0px||false|false&#8221; da_disable_devices=&#8221;off|off|off&#8221; locked=&#8221;off&#8221; global_colors_info=&#8221;{}&#8221; da_is_popup=&#8221;off&#8221; da_exit_intent=&#8221;off&#8221; da_has_close=&#8221;on&#8221; da_alt_close=&#8221;off&#8221; da_dark_close=&#8221;off&#8221; da_not_modal=&#8221;on&#8221; da_is_singular=&#8221;off&#8221; da_with_loader=&#8221;off&#8221; da_has_shadow=&#8221;on&#8221;][et_pb_row use_custom_gutter=&#8221;on&#8221; gutter_width=&#8221;1&#8243; _builder_version=&#8221;4.16&#8243; _module_preset=&#8221;default&#8221; width=&#8221;100%&#8221; max_width=&#8221;100%&#8221; custom_margin=&#8221;||0px||false|false&#8221; custom_padding=&#8221;||0px||false|false&#8221; global_colors_info=&#8221;{}&#8221;][et_pb_column type=&#8221;4_4&#8243; _builder_version=&#8221;4.16&#8243; _module_preset=&#8221;default&#8221; background_enable_image=&#8221;off&#8221; custom_padding=&#8221;|||5%|false|false&#8221; custom_padding_tablet=&#8221;&#8221; custom_padding_phone=&#8221;|||1%|false|false&#8221; custom_padding_last_edited=&#8221;on|phone&#8221; border_color_bottom=&#8221;#9fc0d9&#8243; global_colors_info=&#8221;{}&#8221;][et_pb_text _builder_version=&#8221;4.16&#8243; _module_preset=&#8221;default&#8221; header_font=&#8221;|300|||||||&#8221; header_font_size=&#8221;3vw&#8221; header_2_font=&#8221;|300|||||||&#8221; header_2_font_size=&#8221;3vw&#8221; custom_padding=&#8221;1px|||||&#8221; header_font_size_tablet=&#8221;&#8221; header_font_size_phone=&#8221;6vw&#8221; header_font_size_last_edited=&#8221;on|phone&#8221; header_2_text_color_tablet=&#8221;&#8221; header_2_text_color_phone=&#8221;&#8221; header_2_text_color_last_edited=&#8221;on|phone&#8221; header_2_font_size_tablet=&#8221;&#8221; header_2_font_size_phone=&#8221;6vw&#8221; header_2_font_size_last_edited=&#8221;on|phone&#8221; border_color_bottom=&#8221;#9fc0d9&#8243; global_colors_info=&#8221;{}&#8221;]<\/p>\n<h1><strong>Cargo <\/strong>tracking<\/h1>\n<p>[\/et_pb_text][\/et_pb_column][\/et_pb_row][et_pb_row column_structure=&#8221;1_3,1_3,1_3&#8243; use_custom_gutter=&#8221;on&#8221; gutter_width=&#8221;1&#8243; _builder_version=&#8221;4.16&#8243; _module_preset=&#8221;default&#8221; width=&#8221;100%&#8221; width_last_edited=&#8221;off|phone&#8221; max_width=&#8221;100%&#8221; max_width_tablet=&#8221;100%&#8221; max_width_phone=&#8221;100%&#8221; max_width_last_edited=&#8221;on|tablet&#8221; custom_margin=&#8221;0px||0px||false|false&#8221; custom_padding=&#8221;0px||0px||false|false&#8221; custom_css_main_element=&#8221;display: flex;&#8221; global_colors_info=&#8221;{}&#8221; custom_css_main_element_last_edited=&#8221;on|tablet&#8221; custom_css_main_element_phone=&#8221;display: flex;&#8221; custom_css_main_element_tablet=&#8221;display: flex;&#8221;][et_pb_column type=&#8221;1_3&#8243; _builder_version=&#8221;4.16&#8243; _module_preset=&#8221;default&#8221; custom_padding=&#8221;0px||||false|false&#8221; border_color_all=&#8221;#9fc0d9&#8243; border_width_top=&#8221;18px&#8221; border_color_bottom=&#8221;#9fc0d9&#8243; border_width_top_tablet=&#8221;11px&#8221; border_width_top_phone=&#8221;11px&#8221; border_width_top_last_edited=&#8221;on|desktop&#8221; border_width_bottom_tablet=&#8221;&#8221; border_width_bottom_phone=&#8221;&#8221; border_width_bottom_last_edited=&#8221;on|desktop&#8221; border_color_bottom_tablet=&#8221;&#8221; border_color_bottom_phone=&#8221;&#8221; border_color_bottom_last_edited=&#8221;on|desktop&#8221; global_colors_info=&#8221;{}&#8221;][et_pb_divider color=&#8221;rgba(0,0,0,0)&#8221; divider_weight=&#8221;0px&#8221; show_divider_tablet=&#8221;&#8221; show_divider_phone=&#8221;&#8221; show_divider_last_edited=&#8221;on|desktop&#8221; _builder_version=&#8221;4.16&#8243; _module_preset=&#8221;default&#8221; max_height=&#8221;0px&#8221; max_height_tablet=&#8221;0px&#8221; max_height_phone=&#8221;0px&#8221; max_height_last_edited=&#8221;on|phone&#8221; custom_margin=&#8221;0px||0px||false|false&#8221; custom_padding=&#8221;0px||0px||false|false&#8221; global_colors_info=&#8221;{}&#8221;][\/et_pb_divider][\/et_pb_column][et_pb_column type=&#8221;1_3&#8243; _builder_version=&#8221;4.16&#8243; _module_preset=&#8221;default&#8221; custom_padding=&#8221;0px||||false|false&#8221; global_colors_info=&#8221;{}&#8221;][et_pb_divider color=&#8221;rgba(0,0,0,0)&#8221; divider_weight=&#8221;0px&#8221; show_divider_tablet=&#8221;&#8221; show_divider_phone=&#8221;&#8221; show_divider_last_edited=&#8221;on|desktop&#8221; _builder_version=&#8221;4.16&#8243; _module_preset=&#8221;default&#8221; max_height=&#8221;16px&#8221; max_height_tablet=&#8221;11px&#8221; max_height_phone=&#8221;11px&#8221; max_height_last_edited=&#8221;on|phone&#8221; custom_margin=&#8221;0px||0px||false|false&#8221; custom_padding=&#8221;0px||0px||false|false&#8221; global_colors_info=&#8221;{}&#8221;][\/et_pb_divider][\/et_pb_column][et_pb_column type=&#8221;1_3&#8243; _builder_version=&#8221;4.16&#8243; _module_preset=&#8221;default&#8221; custom_padding=&#8221;0px||||false|false&#8221; global_colors_info=&#8221;{}&#8221;][\/et_pb_column][\/et_pb_row][\/et_pb_section][et_pb_section fb_built=&#8221;1&#8243; _builder_version=&#8221;4.27.4&#8243; _module_preset=&#8221;default&#8221; custom_padding=&#8221;0px|||||&#8221; da_disable_devices=&#8221;off|off|off&#8221; global_colors_info=&#8221;{}&#8221; da_is_popup=&#8221;off&#8221; da_exit_intent=&#8221;off&#8221; da_has_close=&#8221;on&#8221; da_alt_close=&#8221;off&#8221; da_dark_close=&#8221;off&#8221; da_not_modal=&#8221;on&#8221; da_is_singular=&#8221;off&#8221; da_with_loader=&#8221;off&#8221; da_has_shadow=&#8221;on&#8221;][et_pb_row _builder_version=&#8221;4.27.4&#8243; _module_preset=&#8221;default&#8221; global_colors_info=&#8221;{}&#8221;][et_pb_column type=&#8221;4_4&#8243; _builder_version=&#8221;4.27.4&#8243; _module_preset=&#8221;default&#8221; global_colors_info=&#8221;{}&#8221;][et_pb_code _builder_version=&#8221;4.27.4&#8243; _module_preset=&#8221;default&#8221; custom_margin=&#8221;-198px|||||&#8221; global_colors_info=&#8221;{}&#8221;]<iframe loading=\"lazy\" style=\"width: 100%; height: 2150;\" src=\"https:\/\/avantecloud.transmares.cl\/External\/Itinerary\/Trucking\" width=\"100%\" height=\"2150\" frameborder=\"0\"><\/iframe>[\/et_pb_code][\/et_pb_column][\/et_pb_row][\/et_pb_section][et_pb_section fb_built=&#8221;1&#8243; disabled_on=&#8221;on|on|on&#8221; _builder_version=&#8221;4.16&#8243; _module_preset=&#8221;default&#8221; background_color=&#8221;rgba(0,50,97,0.04)&#8221; width=&#8221;100%&#8221; max_width=&#8221;100%&#8221; custom_margin=&#8221;0px||0px||false|false&#8221; custom_padding=&#8221;30px||20px||false|false&#8221; da_disable_devices=&#8221;off|off|off&#8221; disabled=&#8221;on&#8221; locked=&#8221;off&#8221; global_colors_info=&#8221;{}&#8221; da_is_popup=&#8221;off&#8221; da_exit_intent=&#8221;off&#8221; da_has_close=&#8221;on&#8221; da_alt_close=&#8221;off&#8221; da_dark_close=&#8221;off&#8221; da_not_modal=&#8221;on&#8221; da_is_singular=&#8221;off&#8221; da_with_loader=&#8221;off&#8221; da_has_shadow=&#8221;on&#8221;][et_pb_row column_structure=&#8221;3_5,2_5&#8243; use_custom_gutter=&#8221;on&#8221; gutter_width=&#8221;1&#8243; _builder_version=&#8221;4.16&#8243; _module_preset=&#8221;default&#8221; width=&#8221;100%&#8221; max_width=&#8221;100%&#8221; custom_margin=&#8221;15px||||false|false&#8221; custom_padding=&#8221;0px||||false|false&#8221; global_colors_info=&#8221;{}&#8221;][et_pb_column type=&#8221;3_5&#8243; _builder_version=&#8221;4.16&#8243; _module_preset=&#8221;default&#8221; custom_padding=&#8221;|||5%|false|false&#8221; custom_padding_tablet=&#8221;&#8221; custom_padding_phone=&#8221;|||0%|false|false&#8221; custom_padding_last_edited=&#8221;on|phone&#8221; global_colors_info=&#8221;{}&#8221;][et_pb_text _builder_version=&#8221;4.23.1&#8243; _module_preset=&#8221;default&#8221; global_colors_info=&#8221;{}&#8221;]<\/p>\n<p><strong>Ultranav <\/strong>es una empresa naviera de propiedad privada con oficinas en 19 pa\u00edses. A trav\u00e9s de doce unidades de negocio, operamos en cinco segmentos de mercado: buques cisterna, gas, graneles secos, transporte costero y remolque y alta mar. Operamos una flota de buques transportadores de gas y productos qu\u00edmicos, buques cisterna para petr\u00f3leo crudo y productos petrol\u00edferos limpios, graneleros, portacontenedores alimentadores, buques multiprop\u00f3sito, remolcadores portuarios, PSV, AHTS, remolcadores empujadores, barcazas y embarcaciones piloto.  <\/p>\n<p>[\/et_pb_text][\/et_pb_column][et_pb_column type=&#8221;2_5&#8243; _builder_version=&#8221;4.16&#8243; _module_preset=&#8221;default&#8221; global_colors_info=&#8221;{}&#8221;][\/et_pb_column][\/et_pb_row][\/et_pb_section]<\/p>\n","protected":false},"excerpt":{"rendered":"<p>Cargo trackingUltranav es una empresa naviera de propiedad privada con oficinas en 19 pa\u00edses. A trav\u00e9s de doce unidades de negocio, operamos en cinco segmentos de mercado: buques cisterna, gas, graneles secos, transporte costero y remolque y alta mar. Operamos una flota de buques transportadores de gas y productos qu\u00edmicos, buques cisterna para petr\u00f3leo crudo [&hellip;]<\/p>\n","protected":false},"author":14,"featured_media":0,"parent":0,"menu_order":0,"comment_status":"closed","ping_status":"closed","template":"","meta":{"_acf_changed":false,"_et_pb_use_builder":"on","_et_pb_old_content":"","_et_gb_content_width":"","footnotes":""},"class_list":["post-305107","page","type-page","status-publish","hentry"],"acf":[],"yoast_head":"<!-- This site is optimized with the Yoast SEO plugin v27.5 - https:\/\/yoast.com\/product\/yoast-seo-wordpress\/ -->\n<title>Cargo tracking - Transmares<\/title>\n<meta name=\"robots\" content=\"index, follow, max-snippet:-1, max-image-preview:large, max-video-preview:-1\" \/>\n<link rel=\"canonical\" href=\"https:\/\/transmares.cl\/en\/cargo-tracking\/\" \/>\n<meta property=\"og:locale\" content=\"en_US\" \/>\n<meta property=\"og:type\" content=\"article\" \/>\n<meta property=\"og:title\" content=\"Cargo tracking - Transmares\" \/>\n<meta property=\"og:description\" content=\"Cargo trackingUltranav es una empresa naviera de propiedad privada con oficinas en 19 pa\u00edses. A trav\u00e9s de doce unidades de negocio, operamos en cinco segmentos de mercado: buques cisterna, gas, graneles secos, transporte costero y remolque y alta mar. Operamos una flota de buques transportadores de gas y productos qu\u00edmicos, buques cisterna para petr\u00f3leo crudo [&hellip;]\" \/>\n<meta property=\"og:url\" content=\"https:\/\/transmares.cl\/en\/cargo-tracking\/\" \/>\n<meta property=\"og:site_name\" content=\"Transmares\" \/>\n<meta property=\"article:modified_time\" content=\"2025-08-06T07:52:17+00:00\" \/>\n<meta name=\"twitter:card\" content=\"summary_large_image\" \/>\n<meta name=\"twitter:label1\" content=\"Est. reading time\" \/>\n\t<meta name=\"twitter:data1\" content=\"1 minute\" \/>\n<script type=\"application\/ld+json\" class=\"yoast-schema-graph\">{\"@context\":\"https:\\\/\\\/schema.org\",\"@graph\":[{\"@type\":\"WebPage\",\"@id\":\"https:\\\/\\\/transmares.cl\\\/en\\\/cargo-tracking\\\/\",\"url\":\"https:\\\/\\\/transmares.cl\\\/en\\\/cargo-tracking\\\/\",\"name\":\"Cargo tracking - Transmares\",\"isPartOf\":{\"@id\":\"https:\\\/\\\/transmares.cl\\\/#website\"},\"datePublished\":\"2025-07-22T07:19:20+00:00\",\"dateModified\":\"2025-08-06T07:52:17+00:00\",\"breadcrumb\":{\"@id\":\"https:\\\/\\\/transmares.cl\\\/en\\\/cargo-tracking\\\/#breadcrumb\"},\"inLanguage\":\"en-US\",\"potentialAction\":[{\"@type\":\"ReadAction\",\"target\":[\"https:\\\/\\\/transmares.cl\\\/en\\\/cargo-tracking\\\/\"]}]},{\"@type\":\"BreadcrumbList\",\"@id\":\"https:\\\/\\\/transmares.cl\\\/en\\\/cargo-tracking\\\/#breadcrumb\",\"itemListElement\":[{\"@type\":\"ListItem\",\"position\":1,\"name\":\"Home\",\"item\":\"https:\\\/\\\/transmares.cl\\\/en\\\/\"},{\"@type\":\"ListItem\",\"position\":2,\"name\":\"Cargo tracking\"}]},{\"@type\":\"WebSite\",\"@id\":\"https:\\\/\\\/transmares.cl\\\/#website\",\"url\":\"https:\\\/\\\/transmares.cl\\\/\",\"name\":\"Transmares\",\"description\":\"\",\"potentialAction\":[{\"@type\":\"SearchAction\",\"target\":{\"@type\":\"EntryPoint\",\"urlTemplate\":\"https:\\\/\\\/transmares.cl\\\/?s={search_term_string}\"},\"query-input\":{\"@type\":\"PropertyValueSpecification\",\"valueRequired\":true,\"valueName\":\"search_term_string\"}}],\"inLanguage\":\"en-US\"}]}<\/script>\n<!-- \/ Yoast SEO plugin. -->","yoast_head_json":{"title":"Cargo tracking - Transmares","robots":{"index":"index","follow":"follow","max-snippet":"max-snippet:-1","max-image-preview":"max-image-preview:large","max-video-preview":"max-video-preview:-1"},"canonical":"https:\/\/transmares.cl\/en\/cargo-tracking\/","og_locale":"en_US","og_type":"article","og_title":"Cargo tracking - Transmares","og_description":"Cargo trackingUltranav es una empresa naviera de propiedad privada con oficinas en 19 pa\u00edses. A trav\u00e9s de doce unidades de negocio, operamos en cinco segmentos de mercado: buques cisterna, gas, graneles secos, transporte costero y remolque y alta mar. Operamos una flota de buques transportadores de gas y productos qu\u00edmicos, buques cisterna para petr\u00f3leo crudo [&hellip;]","og_url":"https:\/\/transmares.cl\/en\/cargo-tracking\/","og_site_name":"Transmares","article_modified_time":"2025-08-06T07:52:17+00:00","twitter_card":"summary_large_image","twitter_misc":{"Est. reading time":"1 minute"},"schema":{"@context":"https:\/\/schema.org","@graph":[{"@type":"WebPage","@id":"https:\/\/transmares.cl\/en\/cargo-tracking\/","url":"https:\/\/transmares.cl\/en\/cargo-tracking\/","name":"Cargo tracking - Transmares","isPartOf":{"@id":"https:\/\/transmares.cl\/#website"},"datePublished":"2025-07-22T07:19:20+00:00","dateModified":"2025-08-06T07:52:17+00:00","breadcrumb":{"@id":"https:\/\/transmares.cl\/en\/cargo-tracking\/#breadcrumb"},"inLanguage":"en-US","potentialAction":[{"@type":"ReadAction","target":["https:\/\/transmares.cl\/en\/cargo-tracking\/"]}]},{"@type":"BreadcrumbList","@id":"https:\/\/transmares.cl\/en\/cargo-tracking\/#breadcrumb","itemListElement":[{"@type":"ListItem","position":1,"name":"Home","item":"https:\/\/transmares.cl\/en\/"},{"@type":"ListItem","position":2,"name":"Cargo tracking"}]},{"@type":"WebSite","@id":"https:\/\/transmares.cl\/#website","url":"https:\/\/transmares.cl\/","name":"Transmares","description":"","potentialAction":[{"@type":"SearchAction","target":{"@type":"EntryPoint","urlTemplate":"https:\/\/transmares.cl\/?s={search_term_string}"},"query-input":{"@type":"PropertyValueSpecification","valueRequired":true,"valueName":"search_term_string"}}],"inLanguage":"en-US"}]}},"_links":{"self":[{"href":"https:\/\/transmares.cl\/en\/wp-json\/wp\/v2\/pages\/305107","targetHints":{"allow":["GET"]}}],"collection":[{"href":"https:\/\/transmares.cl\/en\/wp-json\/wp\/v2\/pages"}],"about":[{"href":"https:\/\/transmares.cl\/en\/wp-json\/wp\/v2\/types\/page"}],"author":[{"embeddable":true,"href":"https:\/\/transmares.cl\/en\/wp-json\/wp\/v2\/users\/14"}],"replies":[{"embeddable":true,"href":"https:\/\/transmares.cl\/en\/wp-json\/wp\/v2\/comments?post=305107"}],"version-history":[{"count":5,"href":"https:\/\/transmares.cl\/en\/wp-json\/wp\/v2\/pages\/305107\/revisions"}],"predecessor-version":[{"id":305155,"href":"https:\/\/transmares.cl\/en\/wp-json\/wp\/v2\/pages\/305107\/revisions\/305155"}],"wp:attachment":[{"href":"https:\/\/transmares.cl\/en\/wp-json\/wp\/v2\/media?parent=305107"}],"curies":[{"name":"wp","href":"https:\/\/api.w.org\/{rel}","templated":true}]}}